{"id":5373,"date":"2025-05-12T20:27:23","date_gmt":"2025-05-12T18:27:23","guid":{"rendered":"https:\/\/www.sanatorium.sk\/?post_type=product&#038;p=5373"},"modified":"2025-05-12T20:27:23","modified_gmt":"2025-05-12T18:27:23","slug":"siltovka-bielomodra-s-rovnym-siltom","status":"publish","type":"product","link":"https:\/\/www.sanatorium.sk\/sk\/shop\/siltovka-bielomodra-s-rovnym-siltom\/","title":{"rendered":"\u0160iltovka Bielomodr\u00e1 s rovn\u00fdm \u0161iltom"},"content":{"rendered":"","protected":false},"excerpt":{"rendered":"","protected":false},"featured_media":5374,"template":"","meta":{"_monsterinsights_skip_tracking":false,"_monsterinsights_sitenote_active":false,"_monsterinsights_sitenote_note":"","_monsterinsights_sitenote_category":0},"product_cat":[18,93],"product_tag":[],"aioseo_notices":[],"_links":{"self":[{"href":"https:\/\/www.sanatorium.sk\/sk\/wp-json\/wp\/v2\/product\/5373"}],"collection":[{"href":"https:\/\/www.sanatorium.sk\/sk\/wp-json\/wp\/v2\/product"}],"about":[{"href":"https:\/\/www.sanatorium.sk\/sk\/wp-json\/wp\/v2\/types\/product"}],"wp:featuredmedia":[{"embeddable":true,"href":"https:\/\/www.sanatorium.sk\/sk\/wp-json\/wp\/v2\/media\/5374"}],"wp:attachment":[{"href":"https:\/\/www.sanatorium.sk\/sk\/wp-json\/wp\/v2\/media?parent=5373"}],"wp:term":[{"taxonomy":"product_cat","embeddable":true,"href":"https:\/\/www.sanatorium.sk\/sk\/wp-json\/wp\/v2\/product_cat?post=5373"},{"taxonomy":"product_tag","embeddable":true,"href":"https:\/\/www.sanatorium.sk\/sk\/wp-json\/wp\/v2\/product_tag?post=5373"}],"curies":[{"name":"wp","href":"https:\/\/api.w.org\/{rel}","templated":true}]}}