{"id":3946,"date":"2024-01-16T14:08:26","date_gmt":"2024-01-16T13:08:26","guid":{"rendered":"https:\/\/www.sanatorium.sk\/?post_type=product&#038;p=3946"},"modified":"2024-10-15T19:21:09","modified_gmt":"2024-10-15T17:21:09","slug":"zenske-tricko-autumn-shadows","status":"publish","type":"product","link":"https:\/\/www.sanatorium.sk\/sk\/shop\/zenske-tricko-autumn-shadows\/","title":{"rendered":"\u017densk\u00e9 Tri\u010dko Autumn Shadows"},"content":{"rendered":"","protected":false},"excerpt":{"rendered":"","protected":false},"featured_media":4003,"template":"","meta":{"_monsterinsights_skip_tracking":false,"_monsterinsights_sitenote_active":false,"_monsterinsights_sitenote_note":"","_monsterinsights_sitenote_category":0},"product_cat":[18,83],"product_tag":[],"aioseo_notices":[],"_links":{"self":[{"href":"https:\/\/www.sanatorium.sk\/sk\/wp-json\/wp\/v2\/product\/3946"}],"collection":[{"href":"https:\/\/www.sanatorium.sk\/sk\/wp-json\/wp\/v2\/product"}],"about":[{"href":"https:\/\/www.sanatorium.sk\/sk\/wp-json\/wp\/v2\/types\/product"}],"wp:featuredmedia":[{"embeddable":true,"href":"https:\/\/www.sanatorium.sk\/sk\/wp-json\/wp\/v2\/media\/4003"}],"wp:attachment":[{"href":"https:\/\/www.sanatorium.sk\/sk\/wp-json\/wp\/v2\/media?parent=3946"}],"wp:term":[{"taxonomy":"product_cat","embeddable":true,"href":"https:\/\/www.sanatorium.sk\/sk\/wp-json\/wp\/v2\/product_cat?post=3946"},{"taxonomy":"product_tag","embeddable":true,"href":"https:\/\/www.sanatorium.sk\/sk\/wp-json\/wp\/v2\/product_tag?post=3946"}],"curies":[{"name":"wp","href":"https:\/\/api.w.org\/{rel}","templated":true}]}}