{"id":3894,"date":"2024-01-15T20:41:13","date_gmt":"2024-01-15T19:41:13","guid":{"rendered":"https:\/\/www.sanatorium.sk\/?post_type=product&#038;p=3894"},"modified":"2025-05-12T20:04:19","modified_gmt":"2025-05-12T18:04:19","slug":"siltovka-so-sietkou-siva","status":"publish","type":"product","link":"https:\/\/www.sanatorium.sk\/sk\/shop\/siltovka-so-sietkou-siva\/","title":{"rendered":"\u0160iltovka so Sie\u0165kou Siv\u00e1"},"content":{"rendered":"","protected":false},"excerpt":{"rendered":"","protected":false},"featured_media":3993,"template":"","meta":{"_monsterinsights_skip_tracking":false,"_monsterinsights_sitenote_active":false,"_monsterinsights_sitenote_note":"","_monsterinsights_sitenote_category":0},"product_cat":[18,93],"product_tag":[],"aioseo_notices":[],"_links":{"self":[{"href":"https:\/\/www.sanatorium.sk\/sk\/wp-json\/wp\/v2\/product\/3894"}],"collection":[{"href":"https:\/\/www.sanatorium.sk\/sk\/wp-json\/wp\/v2\/product"}],"about":[{"href":"https:\/\/www.sanatorium.sk\/sk\/wp-json\/wp\/v2\/types\/product"}],"wp:featuredmedia":[{"embeddable":true,"href":"https:\/\/www.sanatorium.sk\/sk\/wp-json\/wp\/v2\/media\/3993"}],"wp:attachment":[{"href":"https:\/\/www.sanatorium.sk\/sk\/wp-json\/wp\/v2\/media?parent=3894"}],"wp:term":[{"taxonomy":"product_cat","embeddable":true,"href":"https:\/\/www.sanatorium.sk\/sk\/wp-json\/wp\/v2\/product_cat?post=3894"},{"taxonomy":"product_tag","embeddable":true,"href":"https:\/\/www.sanatorium.sk\/sk\/wp-json\/wp\/v2\/product_tag?post=3894"}],"curies":[{"name":"wp","href":"https:\/\/api.w.org\/{rel}","templated":true}]}}