{"id":3886,"date":"2024-01-15T20:25:21","date_gmt":"2024-01-15T19:25:21","guid":{"rendered":"https:\/\/www.sanatorium.sk\/?post_type=product&#038;p=3886"},"modified":"2024-10-15T19:11:35","modified_gmt":"2024-10-15T17:11:35","slug":"tricko-muzske-autumn-shadow","status":"publish","type":"product","link":"https:\/\/www.sanatorium.sk\/sk\/shop\/tricko-muzske-autumn-shadow\/","title":{"rendered":"Tri\u010dko Mu\u017esk\u00e9 Autumn Shadows"},"content":{"rendered":"","protected":false},"excerpt":{"rendered":"","protected":false},"featured_media":3980,"template":"","meta":{"_monsterinsights_skip_tracking":false,"_monsterinsights_sitenote_active":false,"_monsterinsights_sitenote_note":"","_monsterinsights_sitenote_category":0},"product_cat":[18,83],"product_tag":[],"aioseo_notices":[],"_links":{"self":[{"href":"https:\/\/www.sanatorium.sk\/sk\/wp-json\/wp\/v2\/product\/3886"}],"collection":[{"href":"https:\/\/www.sanatorium.sk\/sk\/wp-json\/wp\/v2\/product"}],"about":[{"href":"https:\/\/www.sanatorium.sk\/sk\/wp-json\/wp\/v2\/types\/product"}],"wp:featuredmedia":[{"embeddable":true,"href":"https:\/\/www.sanatorium.sk\/sk\/wp-json\/wp\/v2\/media\/3980"}],"wp:attachment":[{"href":"https:\/\/www.sanatorium.sk\/sk\/wp-json\/wp\/v2\/media?parent=3886"}],"wp:term":[{"taxonomy":"product_cat","embeddable":true,"href":"https:\/\/www.sanatorium.sk\/sk\/wp-json\/wp\/v2\/product_cat?post=3886"},{"taxonomy":"product_tag","embeddable":true,"href":"https:\/\/www.sanatorium.sk\/sk\/wp-json\/wp\/v2\/product_tag?post=3886"}],"curies":[{"name":"wp","href":"https:\/\/api.w.org\/{rel}","templated":true}]}}