{"id":3861,"date":"2024-01-15T20:20:23","date_gmt":"2024-01-15T19:20:23","guid":{"rendered":"https:\/\/www.sanatorium.sk\/?post_type=product&#038;p=3861"},"modified":"2025-10-24T20:32:36","modified_gmt":"2025-10-24T18:32:36","slug":"tricko-muzske-arrival-of-the-forgotten-ones","status":"publish","type":"product","link":"https:\/\/www.sanatorium.sk\/sk\/shop\/tricko-muzske-arrival-of-the-forgotten-ones\/","title":{"rendered":"Tri\u010dko Mu\u017esk\u00e9 Arrival of the Forgotten Ones"},"content":{"rendered":"","protected":false},"excerpt":{"rendered":"","protected":false},"featured_media":3978,"template":"","meta":{"_monsterinsights_skip_tracking":false,"_monsterinsights_sitenote_active":false,"_monsterinsights_sitenote_note":"","_monsterinsights_sitenote_category":0},"product_cat":[18,83],"product_tag":[],"aioseo_notices":[],"_links":{"self":[{"href":"https:\/\/www.sanatorium.sk\/sk\/wp-json\/wp\/v2\/product\/3861"}],"collection":[{"href":"https:\/\/www.sanatorium.sk\/sk\/wp-json\/wp\/v2\/product"}],"about":[{"href":"https:\/\/www.sanatorium.sk\/sk\/wp-json\/wp\/v2\/types\/product"}],"wp:featuredmedia":[{"embeddable":true,"href":"https:\/\/www.sanatorium.sk\/sk\/wp-json\/wp\/v2\/media\/3978"}],"wp:attachment":[{"href":"https:\/\/www.sanatorium.sk\/sk\/wp-json\/wp\/v2\/media?parent=3861"}],"wp:term":[{"taxonomy":"product_cat","embeddable":true,"href":"https:\/\/www.sanatorium.sk\/sk\/wp-json\/wp\/v2\/product_cat?post=3861"},{"taxonomy":"product_tag","embeddable":true,"href":"https:\/\/www.sanatorium.sk\/sk\/wp-json\/wp\/v2\/product_tag?post=3861"}],"curies":[{"name":"wp","href":"https:\/\/api.w.org\/{rel}","templated":true}]}}