{"id":3710,"date":"2023-11-23T17:37:23","date_gmt":"2023-11-23T16:37:23","guid":{"rendered":"https:\/\/www.sanatorium.sk\/?post_type=product&#038;p=3710"},"modified":"2024-10-15T18:15:11","modified_gmt":"2024-10-15T16:15:11","slug":"ciapka-zimna-s-logom","status":"publish","type":"product","link":"https:\/\/www.sanatorium.sk\/sk\/shop\/ciapka-zimna-s-logom\/","title":{"rendered":"\u010ciapka Zimn\u00e1 s Brmbolcom"},"content":{"rendered":"<p>Sanatorium \u010ciapka zimn\u00e1 s logom a s brmbolcom &#8211; \u010dierna<\/p>\n","protected":false},"excerpt":{"rendered":"<p>Sanatorium \u010ciapka zimn\u00e1 s logom a s brmbolcom &#8211; \u010dierna<\/p>\n","protected":false},"featured_media":3972,"template":"","meta":{"_monsterinsights_skip_tracking":false,"_monsterinsights_sitenote_active":false,"_monsterinsights_sitenote_note":"","_monsterinsights_sitenote_category":0},"product_cat":[18,84],"product_tag":[],"aioseo_notices":[],"_links":{"self":[{"href":"https:\/\/www.sanatorium.sk\/sk\/wp-json\/wp\/v2\/product\/3710"}],"collection":[{"href":"https:\/\/www.sanatorium.sk\/sk\/wp-json\/wp\/v2\/product"}],"about":[{"href":"https:\/\/www.sanatorium.sk\/sk\/wp-json\/wp\/v2\/types\/product"}],"wp:featuredmedia":[{"embeddable":true,"href":"https:\/\/www.sanatorium.sk\/sk\/wp-json\/wp\/v2\/media\/3972"}],"wp:attachment":[{"href":"https:\/\/www.sanatorium.sk\/sk\/wp-json\/wp\/v2\/media?parent=3710"}],"wp:term":[{"taxonomy":"product_cat","embeddable":true,"href":"https:\/\/www.sanatorium.sk\/sk\/wp-json\/wp\/v2\/product_cat?post=3710"},{"taxonomy":"product_tag","embeddable":true,"href":"https:\/\/www.sanatorium.sk\/sk\/wp-json\/wp\/v2\/product_tag?post=3710"}],"curies":[{"name":"wp","href":"https:\/\/api.w.org\/{rel}","templated":true}]}}