{"id":9,"date":"2023-02-09T15:06:57","date_gmt":"2023-02-09T15:06:57","guid":{"rendered":"https:\/\/yorn.la-studioweb.com\/?page_id=9"},"modified":"2024-01-27T23:47:29","modified_gmt":"2024-01-27T22:47:29","slug":"kosik","status":"publish","type":"page","link":"https:\/\/www.sanatorium.sk\/sk\/kosik\/","title":{"rendered":"Ko\u0161\u00edk"},"content":{"rendered":"\t\t<div data-elementor-type=\"wp-page\" data-elementor-id=\"9\" class=\"elementor elementor-9\">\n\t\t\t\t<div class=\"elementor-element elementor-element-ad72a24 e-flex e-con-boxed lakit-col-width-auto-no e-container e-root-container elementor-top-section e-con e-parent\" data-id=\"ad72a24\" data-element_type=\"container\">\n\t\t\t\t\t<div class=\"e-con-inner\">\n\t\t\t\t<div class=\"elementor-element elementor-element-eeace24 lakit-breadcrumbs-align-center lakit-breadcrumbs-page-title-yes elementor-invisible elementor-widget lastudio-kit elementor-lakit-breadcrumbs\" data-id=\"eeace24\" data-element_type=\"widget\" data-settings=\"{&quot;_animation&quot;:&quot;lakitShortFadeInUp&quot;,&quot;_animation_delay&quot;:300}\" data-widget_type=\"lakit-breadcrumbs.default\">\n\t\t\t\t<div class=\"elementor-widget-container\">\n\t\t\t\n\t\t<div class=\"lakit-breadcrumbs\">\n\t\t<div class=\"lakit-breadcrumbs__content\">\n\t\t<div class=\"lakit-breadcrumbs__wrap\"><div class=\"lakit-breadcrumbs__item\"><a href=\"https:\/\/www.sanatorium.sk\/sk\/\" class=\"lakit-breadcrumbs__item-link is-home\" rel=\"home\" title=\"Domov\">Domov<\/a><\/div>\n\t\t<\/div>\n\t\t<\/div>\n\t\t<\/div>\t\t<\/div>\n\t\t\t\t<\/div>\n\t\t\t\t<div class=\"elementor-element elementor-element-ab0fb18 elementor-widget elementor-widget-text-editor\" data-id=\"ab0fb18\" data-element_type=\"widget\" data-widget_type=\"text-editor.default\">\n\t\t\t\t<div class=\"elementor-widget-container\">\n\t\t\t\t\t\t\t<p style=\"text-align: left;\">Pon\u00fakame platbu v\u0161etk\u00fdmi zn\u00e1mymi kreditn\u00fdmi kartami, PayPal a viac ako 100 kryptomenami. Cena doru\u010denia z\u00e1vis\u00ed od krajiny doru\u010denia a hmotnosti objedn\u00e1vky. Pre prepo\u010d\u00edtanie dovozn\u00e9ho v ko\u0161\u00edku zadajte krajinu doru\u010denia.<\/p>\t\t\t\t\t\t<\/div>\n\t\t\t\t<\/div>\n\t\t\t\t\t<\/div>\n\t\t\t\t<\/div>\n\t\t<div class=\"elementor-element elementor-element-6d1ece8 e-flex e-con-boxed lakit-col-width-auto-no elementor-invisible e-container e-root-container elementor-top-section e-con e-parent\" data-id=\"6d1ece8\" data-element_type=\"container\" data-settings=\"{&quot;animation&quot;:&quot;lakitShortFadeInUp&quot;,&quot;animation_delay&quot;:200}\">\n\t\t\t\t\t<div class=\"e-con-inner\">\n\t\t\t\t<div class=\"elementor-element elementor-element-154a4d7 elementor-widget elementor-widget-text-editor\" data-id=\"154a4d7\" data-element_type=\"widget\" data-widget_type=\"text-editor.default\">\n\t\t\t\t<div class=\"elementor-widget-container\">\n\t\t\t\t\t\t\t<!-- wp:shortcode --><!-- \/wp:shortcode -->\t\t\t\t\t\t<\/div>\n\t\t\t\t<\/div>\n\t\t\t\t\t<\/div>\n\t\t\t\t<\/div>\n\t\t\t\t<\/div>\n\t\t","protected":false},"excerpt":{"rendered":"<p>Domov Pon\u00fakame platbu v\u0161etk\u00fdmi zn\u00e1mymi kreditn\u00fdmi kartami, PayPal a viac ako 100 kryptomenami. Cena doru\u010denia z\u00e1vis\u00ed od krajiny doru\u010denia a hmotnosti objedn\u00e1vky. Pre prepo\u010d\u00edtanie dovozn\u00e9ho v ko\u0161\u00edku zadajte krajinu doru\u010denia.<\/p>\n","protected":false},"author":1,"featured_media":0,"parent":0,"menu_order":0,"comment_status":"closed","ping_status":"closed","template":"","meta":{"_monsterinsights_skip_tracking":false,"_monsterinsights_sitenote_active":false,"_monsterinsights_sitenote_note":"","_monsterinsights_sitenote_category":0,"footnotes":""},"aioseo_notices":[],"_links":{"self":[{"href":"https:\/\/www.sanatorium.sk\/sk\/wp-json\/wp\/v2\/pages\/9"}],"collection":[{"href":"https:\/\/www.sanatorium.sk\/sk\/wp-json\/wp\/v2\/pages"}],"about":[{"href":"https:\/\/www.sanatorium.sk\/sk\/wp-json\/wp\/v2\/types\/page"}],"author":[{"embeddable":true,"href":"https:\/\/www.sanatorium.sk\/sk\/wp-json\/wp\/v2\/users\/1"}],"replies":[{"embeddable":true,"href":"https:\/\/www.sanatorium.sk\/sk\/wp-json\/wp\/v2\/comments?post=9"}],"version-history":[{"count":6,"href":"https:\/\/www.sanatorium.sk\/sk\/wp-json\/wp\/v2\/pages\/9\/revisions"}],"predecessor-version":[{"id":4778,"href":"https:\/\/www.sanatorium.sk\/sk\/wp-json\/wp\/v2\/pages\/9\/revisions\/4778"}],"wp:attachment":[{"href":"https:\/\/www.sanatorium.sk\/sk\/wp-json\/wp\/v2\/media?parent=9"}],"curies":[{"name":"wp","href":"https:\/\/api.w.org\/{rel}","templated":true}]}}