{"id":4178,"date":"2024-01-22T23:23:53","date_gmt":"2024-01-22T22:23:53","guid":{"rendered":"https:\/\/www.sanatorium.sk\/?page_id=4178"},"modified":"2024-04-29T22:06:24","modified_gmt":"2024-04-29T20:06:24","slug":"band","status":"publish","type":"page","link":"https:\/\/www.sanatorium.sk\/sk\/band\/","title":{"rendered":"Band"},"content":{"rendered":"\t\t<div data-elementor-type=\"wp-page\" data-elementor-id=\"4178\" class=\"elementor elementor-4178\">\n\t\t\t\t<div class=\"elementor-element elementor-element-9d69914 e-flex e-con-boxed lakit-col-width-auto-no e-container e-root-container elementor-top-section e-con e-parent\" data-id=\"9d69914\" data-element_type=\"container\" data-settings=\"{&quot;background_background&quot;:&quot;classic&quot;}\">\n\t\t\t\t\t<div class=\"e-con-inner\">\n\t\t\t\t\t<\/div>\n\t\t\t\t<\/div>\n\t\t<div class=\"elementor-element elementor-element-72e58ed e-flex e-con-boxed lakit-col-width-auto-no e-container e-root-container elementor-top-section e-con e-parent\" data-id=\"72e58ed\" data-element_type=\"container\">\n\t\t\t\t\t<div class=\"e-con-inner\">\n\t\t\t\t<div class=\"elementor-element elementor-element-076472a elementor-widget-laptop__width-initial elementor-widget elementor-widget-text-editor\" data-id=\"076472a\" data-element_type=\"widget\" data-widget_type=\"text-editor.default\">\n\t\t\t\t<div class=\"elementor-widget-container\">\n\t\t\t\t\t\t\t<p style=\"text-align: center;\"><strong>SANATORIUM<\/strong> je eur\u00f3pska <strong>death metalov\u00e1 kapela<\/strong>. Za\u010dalo to u\u017e v roku <strong>1994<\/strong> a je to u\u017e viac ako 20 rokov \u0161\u00edrenia sickness a brutality. Sanatorium nahralo 3 dem\u00e1 (<strong>Subculture-1995, Autumn Shadows-1996, Necrologue-1998<\/strong>) a debutov\u00fd album &#8222;<strong>Arrival of the Forgotten ones<\/strong>&#8220; &#8211; 1999 v melodickej\u0161om death metale. Po t\u00fdch nahr\u00e1vkach Sanatorium drasticky zmenilo zostavu a aj hudbu&#8230; <strong>brut\u00e1lnej\u0161ie, viac gore, viac sick!!!<\/strong> \u010eal\u0161ie albumy s\u00fa nahran\u00e9 brut\u00e1lnym death metalov\u00fdm sp\u00f4sobom: <strong>Internal Womb Cannibalism<\/strong> v roku 2001; <strong>Goresoaked Reinkarnation<\/strong> v roku 2004; <strong>Fetus Rape MCD<\/strong> v roku 2003 <strong>Celebration of Exhumation<\/strong> v roku 2004. Potom sa urobilo nieko\u013eko pokusov nahra\u0165 nov\u00fd album a urobili sa nejak\u00e9 dem\u00e1, ale ni\u010d ofici\u00e1lne nevy\u0161lo. Sanatorium boli akt\u00edvnou \u017eivou kapelou a po\u010das existencie odohrali mno\u017estvo turn\u00e9 s kapelami ako <strong>Lividity, Centinex, Sepsism, Soils of Fate, Disgorge, Internal Suffering, Abysmal Torment<\/strong>&#8230; Ve\u013ea klubov\u00fdch vyst\u00fapen\u00ed sa odohralo s v\u00e4\u010d\u0161\u00edmi i men\u0161\u00edmi kapelami, napr. <strong>Suffocation, Napalm Death, Haemorrhage, Behemoth<\/strong> at\u010f. Zoznam by bol nekone\u010dn\u00fd, ke\u010f\u017ee sa odohralo viac ako 1000 koncertov v E\u00da, Rusku, na Ukrajine, v Bielorusku&#8230; V roku 2019 sme sa op\u00e4\u0165 pok\u00fasili rozbehn\u00fa\u0165 kapely a odohralo sa ve\u013ea skvel\u00fdch vyst\u00fapen\u00ed s pekn\u00fdmi n\u00e1v\u0161tevnos\u0165 fan\u00fa\u0161ikov. Po\u010das \u00e9ry Covid sme op\u00e4\u0165 zmizli z jav\u00edsk. Ka\u017edop\u00e1dne, rok 2024 je pre kapelu d\u00f4le\u017eit\u00fd, <strong>pl\u00e1nujeme op\u00e4\u0165 nov\u00fa webov\u00fa str\u00e1nku, LP s debutov\u00fdm albumom a nejak\u00e9 vydania<\/strong>. Mo\u017eno sa op\u00e4\u0165 objavia nejak\u00e9 nov\u00e9 pesni\u010dky, \u010dist\u00e1 death metalov\u00e1 energia s textami o \u010domko\u013evek d\u00f4le\u017eitom. <strong>Nepl\u00e1nujeme meni\u0165 svet a sme di\u0161tancovan\u00ed od ak\u00fdchko\u013evek politick\u00fdch vec\u00ed.<\/strong><\/p>\t\t\t\t\t\t<\/div>\n\t\t\t\t<\/div>\n\t\t\t\t\t<\/div>\n\t\t\t\t<\/div>\n\t\t<div class=\"elementor-element elementor-element-54a5826 e-flex e-con-boxed lakit-col-width-auto-no e-container e-root-container elementor-top-section e-con e-parent\" data-id=\"54a5826\" data-element_type=\"container\">\n\t\t\t\t\t<div class=\"e-con-inner\">\n\t\t\t\t<div class=\"elementor-element elementor-element-b77466e lakit-equal-height-disable elementor-widget lastudio-kit elementor-lakit-image-box\" data-id=\"b77466e\" data-element_type=\"widget\" data-widget_type=\"lakit-image-box.default\">\n\t\t\t\t<div class=\"elementor-widget-container\">\n\t\t\t<div class=\"lakit-imagebox text-center lakit-imagebox__content-align-center simple-card\"><div class=\"lakit-imagebox__header figure__object_fit\"><img fetchpriority=\"high\" decoding=\"async\" width=\"800\" height=\"800\" src=\"https:\/\/www.sanatorium.sk\/wp-content\/uploads\/2024\/01\/3-Subculture-v2-1.jpg\" class=\"lakit-imagebox__main_img attachment-full size-full wp-image-4207\" alt=\"\" srcset=\"https:\/\/www.sanatorium.sk\/wp-content\/uploads\/2024\/01\/3-Subculture-v2-1.jpg 800w, https:\/\/www.sanatorium.sk\/wp-content\/uploads\/2024\/01\/3-Subculture-v2-1-100x100.jpg 100w\" sizes=\"(max-width: 800px) 100vw, 800px\" \/><\/div><div class=\"lakit-imagebox__body\"><div class=\"lakit-imagebox__body_inner\"><h3 class=\"lakit-imagebox__title\"><span class=\"lakit-imagebox__title_text\">Subculture, 1995<\/span><\/h3><\/div><\/div><\/div>\t\t<\/div>\n\t\t\t\t<\/div>\n\t\t\t\t<div class=\"elementor-element elementor-element-e4d86a5 lakit-equal-height-disable elementor-widget lastudio-kit elementor-lakit-image-box\" data-id=\"e4d86a5\" data-element_type=\"widget\" data-widget_type=\"lakit-image-box.default\">\n\t\t\t\t<div class=\"elementor-widget-container\">\n\t\t\t<div class=\"lakit-imagebox text-center lakit-imagebox__content-align-center simple-card\"><div class=\"lakit-imagebox__header figure__object_fit\"><img decoding=\"async\" width=\"800\" height=\"800\" src=\"https:\/\/www.sanatorium.sk\/wp-content\/uploads\/2024\/01\/4-Autumna-shadows-v2-1.jpg\" class=\"lakit-imagebox__main_img attachment-full size-full wp-image-4208\" alt=\"\" srcset=\"https:\/\/www.sanatorium.sk\/wp-content\/uploads\/2024\/01\/4-Autumna-shadows-v2-1.jpg 800w, https:\/\/www.sanatorium.sk\/wp-content\/uploads\/2024\/01\/4-Autumna-shadows-v2-1-100x100.jpg 100w\" sizes=\"(max-width: 800px) 100vw, 800px\" \/><\/div><div class=\"lakit-imagebox__body\"><div class=\"lakit-imagebox__body_inner\"><h3 class=\"lakit-imagebox__title\"><span class=\"lakit-imagebox__title_text\">Autumn Shadows, 1996<\/span><\/h3><\/div><\/div><\/div>\t\t<\/div>\n\t\t\t\t<\/div>\n\t\t\t\t<div class=\"elementor-element elementor-element-8adf15f lakit-equal-height-disable elementor-widget lastudio-kit elementor-lakit-image-box\" data-id=\"8adf15f\" data-element_type=\"widget\" data-widget_type=\"lakit-image-box.default\">\n\t\t\t\t<div class=\"elementor-widget-container\">\n\t\t\t<div class=\"lakit-imagebox text-center lakit-imagebox__content-align-center simple-card\"><div class=\"lakit-imagebox__header figure__object_fit\"><img decoding=\"async\" width=\"800\" height=\"800\" src=\"https:\/\/www.sanatorium.sk\/wp-content\/uploads\/2024\/01\/5-necrologue-1.jpg\" class=\"lakit-imagebox__main_img attachment-full size-full wp-image-4209\" alt=\"\" srcset=\"https:\/\/www.sanatorium.sk\/wp-content\/uploads\/2024\/01\/5-necrologue-1.jpg 800w, https:\/\/www.sanatorium.sk\/wp-content\/uploads\/2024\/01\/5-necrologue-1-100x100.jpg 100w\" sizes=\"(max-width: 800px) 100vw, 800px\" \/><\/div><div class=\"lakit-imagebox__body\"><div class=\"lakit-imagebox__body_inner\"><h3 class=\"lakit-imagebox__title\"><span class=\"lakit-imagebox__title_text\">Necrologue, 1998<\/span><\/h3><\/div><\/div><\/div>\t\t<\/div>\n\t\t\t\t<\/div>\n\t\t\t\t\t<\/div>\n\t\t\t\t<\/div>\n\t\t<div class=\"elementor-element elementor-element-71adaa2 e-flex e-con-boxed lakit-col-width-auto-no e-container e-root-container elementor-top-section e-con e-parent\" data-id=\"71adaa2\" data-element_type=\"container\">\n\t\t\t\t\t<div class=\"e-con-inner\">\n\t\t\t\t<div class=\"elementor-element elementor-element-bc5f6dc lakit-equal-height-disable elementor-widget lastudio-kit elementor-lakit-image-box\" data-id=\"bc5f6dc\" data-element_type=\"widget\" data-widget_type=\"lakit-image-box.default\">\n\t\t\t\t<div class=\"elementor-widget-container\">\n\t\t\t<div class=\"lakit-imagebox text-center lakit-imagebox__content-align-center simple-card\"><div class=\"lakit-imagebox__header figure__object_fit\"><img loading=\"lazy\" decoding=\"async\" width=\"800\" height=\"800\" src=\"https:\/\/www.sanatorium.sk\/wp-content\/uploads\/2024\/01\/6-Arrival-of-the-forgotten-ones.jpg\" class=\"lakit-imagebox__main_img attachment-full size-full wp-image-4201\" alt=\"\" srcset=\"https:\/\/www.sanatorium.sk\/wp-content\/uploads\/2024\/01\/6-Arrival-of-the-forgotten-ones.jpg 800w, https:\/\/www.sanatorium.sk\/wp-content\/uploads\/2024\/01\/6-Arrival-of-the-forgotten-ones-100x100.jpg 100w\" sizes=\"(max-width: 800px) 100vw, 800px\" \/><\/div><div class=\"lakit-imagebox__body\"><div class=\"lakit-imagebox__body_inner\"><h3 class=\"lakit-imagebox__title\"><span class=\"lakit-imagebox__title_text\">Arrival of the Forgotten Ones, 1999<\/span><\/h3><\/div><\/div><\/div>\t\t<\/div>\n\t\t\t\t<\/div>\n\t\t\t\t<div class=\"elementor-element elementor-element-6df4ac3 lakit-equal-height-disable elementor-widget lastudio-kit elementor-lakit-image-box\" data-id=\"6df4ac3\" data-element_type=\"widget\" data-widget_type=\"lakit-image-box.default\">\n\t\t\t\t<div class=\"elementor-widget-container\">\n\t\t\t<div class=\"lakit-imagebox text-center lakit-imagebox__content-align-center simple-card\"><div class=\"lakit-imagebox__header figure__object_fit\"><img loading=\"lazy\" decoding=\"async\" width=\"800\" height=\"800\" src=\"https:\/\/www.sanatorium.sk\/wp-content\/uploads\/2024\/01\/7-Internal-womb-cannibalism.jpg\" class=\"lakit-imagebox__main_img attachment-full size-full wp-image-4202\" alt=\"\" srcset=\"https:\/\/www.sanatorium.sk\/wp-content\/uploads\/2024\/01\/7-Internal-womb-cannibalism.jpg 800w, https:\/\/www.sanatorium.sk\/wp-content\/uploads\/2024\/01\/7-Internal-womb-cannibalism-100x100.jpg 100w\" sizes=\"(max-width: 800px) 100vw, 800px\" \/><\/div><div class=\"lakit-imagebox__body\"><div class=\"lakit-imagebox__body_inner\"><h3 class=\"lakit-imagebox__title\"><span class=\"lakit-imagebox__title_text\">Internal Womb Cannibalism, 2001<\/span><\/h3><\/div><\/div><\/div>\t\t<\/div>\n\t\t\t\t<\/div>\n\t\t\t\t<div class=\"elementor-element elementor-element-29205dc lakit-equal-height-disable elementor-widget lastudio-kit elementor-lakit-image-box\" data-id=\"29205dc\" data-element_type=\"widget\" data-widget_type=\"lakit-image-box.default\">\n\t\t\t\t<div class=\"elementor-widget-container\">\n\t\t\t<div class=\"lakit-imagebox text-center lakit-imagebox__content-align-center simple-card\"><div class=\"lakit-imagebox__header figure__object_fit\"><img loading=\"lazy\" decoding=\"async\" width=\"800\" height=\"800\" src=\"https:\/\/www.sanatorium.sk\/wp-content\/uploads\/2024\/01\/8-Goresoaked.jpg\" class=\"lakit-imagebox__main_img attachment-full size-full wp-image-4203\" alt=\"\" srcset=\"https:\/\/www.sanatorium.sk\/wp-content\/uploads\/2024\/01\/8-Goresoaked.jpg 800w, https:\/\/www.sanatorium.sk\/wp-content\/uploads\/2024\/01\/8-Goresoaked-100x100.jpg 100w\" sizes=\"(max-width: 800px) 100vw, 800px\" \/><\/div><div class=\"lakit-imagebox__body\"><div class=\"lakit-imagebox__body_inner\"><h3 class=\"lakit-imagebox__title\"><span class=\"lakit-imagebox__title_text\">Goresoaked Reincarnation, 2003<\/span><\/h3><\/div><\/div><\/div>\t\t<\/div>\n\t\t\t\t<\/div>\n\t\t\t\t\t<\/div>\n\t\t\t\t<\/div>\n\t\t<div class=\"elementor-element elementor-element-c028bfa e-flex e-con-boxed lakit-col-width-auto-no e-container e-root-container elementor-top-section e-con e-parent\" data-id=\"c028bfa\" data-element_type=\"container\">\n\t\t\t\t\t<div class=\"e-con-inner\">\n\t\t\t\t<div class=\"elementor-element elementor-element-51ae7d8 lakit-equal-height-disable elementor-widget lastudio-kit elementor-lakit-image-box\" data-id=\"51ae7d8\" data-element_type=\"widget\" data-widget_type=\"lakit-image-box.default\">\n\t\t\t\t<div class=\"elementor-widget-container\">\n\t\t\t<div class=\"lakit-imagebox text-center lakit-imagebox__content-align-center simple-card\"><div class=\"lakit-imagebox__header figure__object_fit\"><img loading=\"lazy\" decoding=\"async\" width=\"800\" height=\"800\" src=\"https:\/\/www.sanatorium.sk\/wp-content\/uploads\/2024\/01\/2-Fetus-rape.jpg\" class=\"lakit-imagebox__main_img attachment-full size-full wp-image-4197\" alt=\"\" srcset=\"https:\/\/www.sanatorium.sk\/wp-content\/uploads\/2024\/01\/2-Fetus-rape.jpg 800w, https:\/\/www.sanatorium.sk\/wp-content\/uploads\/2024\/01\/2-Fetus-rape-100x100.jpg 100w\" sizes=\"(max-width: 800px) 100vw, 800px\" \/><\/div><div class=\"lakit-imagebox__body\"><div class=\"lakit-imagebox__body_inner\"><h3 class=\"lakit-imagebox__title\"><span class=\"lakit-imagebox__title_text\">Fetus Rape, 2003<\/span><\/h3><\/div><\/div><\/div>\t\t<\/div>\n\t\t\t\t<\/div>\n\t\t\t\t<div class=\"elementor-element elementor-element-b75ae71 lakit-equal-height-disable elementor-widget lastudio-kit elementor-lakit-image-box\" data-id=\"b75ae71\" data-element_type=\"widget\" data-widget_type=\"lakit-image-box.default\">\n\t\t\t\t<div class=\"elementor-widget-container\">\n\t\t\t<div class=\"lakit-imagebox text-center lakit-imagebox__content-align-center simple-card\"><div class=\"lakit-imagebox__header figure__object_fit\"><img loading=\"lazy\" decoding=\"async\" width=\"800\" height=\"800\" src=\"https:\/\/www.sanatorium.sk\/wp-content\/uploads\/2024\/01\/1-Celebration-od-exhumation.jpg\" class=\"lakit-imagebox__main_img attachment-full size-full wp-image-4196\" alt=\"\" srcset=\"https:\/\/www.sanatorium.sk\/wp-content\/uploads\/2024\/01\/1-Celebration-od-exhumation.jpg 800w, https:\/\/www.sanatorium.sk\/wp-content\/uploads\/2024\/01\/1-Celebration-od-exhumation-100x100.jpg 100w\" sizes=\"(max-width: 800px) 100vw, 800px\" \/><\/div><div class=\"lakit-imagebox__body\"><div class=\"lakit-imagebox__body_inner\"><h3 class=\"lakit-imagebox__title\"><span class=\"lakit-imagebox__title_text\">Celebration of Exhumation, 2004<\/span><\/h3><\/div><\/div><\/div>\t\t<\/div>\n\t\t\t\t<\/div>\n\t\t\t\t<div class=\"elementor-element elementor-element-6925c56 lakit-equal-height-disable elementor-widget lastudio-kit elementor-lakit-image-box\" data-id=\"6925c56\" data-element_type=\"widget\" data-widget_type=\"lakit-image-box.default\">\n\t\t\t\t<div class=\"elementor-widget-container\">\n\t\t\t<div class=\"lakit-imagebox text-center lakit-imagebox__content-align-center simple-card\"><div class=\"lakit-imagebox__header figure__object_fit\"><img loading=\"lazy\" decoding=\"async\" width=\"800\" height=\"800\" src=\"https:\/\/www.sanatorium.sk\/wp-content\/uploads\/2024\/01\/9-Arrival-20-yrs-later.jpg\" class=\"lakit-imagebox__main_img attachment-full size-full wp-image-4204\" alt=\"\" srcset=\"https:\/\/www.sanatorium.sk\/wp-content\/uploads\/2024\/01\/9-Arrival-20-yrs-later.jpg 800w, https:\/\/www.sanatorium.sk\/wp-content\/uploads\/2024\/01\/9-Arrival-20-yrs-later-100x100.jpg 100w\" sizes=\"(max-width: 800px) 100vw, 800px\" \/><\/div><div class=\"lakit-imagebox__body\"><div class=\"lakit-imagebox__body_inner\"><h3 class=\"lakit-imagebox__title\"><span class=\"lakit-imagebox__title_text\">Arrival of the Forgotten Ones 20 years later, 2019<\/span><\/h3><\/div><\/div><\/div>\t\t<\/div>\n\t\t\t\t<\/div>\n\t\t\t\t\t<\/div>\n\t\t\t\t<\/div>\n\t\t<div class=\"elementor-element elementor-element-31186f3 e-flex e-con-boxed lakit-col-width-auto-no e-container e-root-container elementor-top-section e-con e-parent\" data-id=\"31186f3\" data-element_type=\"container\">\n\t\t\t\t\t<div class=\"e-con-inner\">\n\t\t\t\t<div class=\"elementor-element elementor-element-d743edb lakit-equal-height-disable elementor-widget lastudio-kit elementor-lakit-image-box\" data-id=\"d743edb\" data-element_type=\"widget\" data-widget_type=\"lakit-image-box.default\">\n\t\t\t\t<div class=\"elementor-widget-container\">\n\t\t\t<div class=\"lakit-imagebox text-center lakit-imagebox__content-align-center simple-card\"><div class=\"lakit-imagebox__header figure__object_fit\"><img loading=\"lazy\" decoding=\"async\" width=\"800\" height=\"800\" src=\"https:\/\/www.sanatorium.sk\/wp-content\/uploads\/2024\/01\/10-Necrologue-2022.jpg\" class=\"lakit-imagebox__main_img attachment-full size-full wp-image-4205\" alt=\"\" srcset=\"https:\/\/www.sanatorium.sk\/wp-content\/uploads\/2024\/01\/10-Necrologue-2022.jpg 800w, https:\/\/www.sanatorium.sk\/wp-content\/uploads\/2024\/01\/10-Necrologue-2022-100x100.jpg 100w\" sizes=\"(max-width: 800px) 100vw, 800px\" \/><\/div><div class=\"lakit-imagebox__body\"><div class=\"lakit-imagebox__body_inner\"><h3 class=\"lakit-imagebox__title\"><span class=\"lakit-imagebox__title_text\">Autumn Shadows \/ Necrologue, 2022<\/span><\/h3><\/div><\/div><\/div>\t\t<\/div>\n\t\t\t\t<\/div>\n\t\t\t\t\t<\/div>\n\t\t\t\t<\/div>\n\t\t<div class=\"elementor-element elementor-element-6d2ad53 e-con-full e-flex lakit-col-width-auto-no e-container e-root-container elementor-top-section e-con e-parent\" data-id=\"6d2ad53\" data-element_type=\"container\" data-settings=\"{&quot;background_background&quot;:&quot;classic&quot;}\">\n\t\t\t\t<div class=\"elementor-element elementor-element-cdaa887 elementor-icon-list--layout-inline elementor-align-center elementor-list-item-link-full_width elementor-widget elementor-widget-icon-list\" data-id=\"cdaa887\" data-element_type=\"widget\" data-widget_type=\"icon-list.default\">\n\t\t\t\t<div class=\"elementor-widget-container\">\n\t\t\t\t\t<ul class=\"elementor-icon-list-items elementor-inline-items\">\n\t\t\t\t\t\t\t<li class=\"elementor-icon-list-item elementor-inline-item\">\n\t\t\t\t\t\t\t\t\t\t\t<a href=\"https:\/\/www.facebook.com\/SANATORIUMbrutal\">\n\n\t\t\t\t\t\t\t\t\t\t\t\t<span class=\"elementor-icon-list-icon\">\n\t\t\t\t\t\t\t<svg aria-hidden=\"true\" class=\"e-font-icon-svg e-fab-facebook-square\" viewBox=\"0 0 448 512\" xmlns=\"http:\/\/www.w3.org\/2000\/svg\"><path d=\"M400 32H48A48 48 0 0 0 0 80v352a48 48 0 0 0 48 48h137.25V327.69h-63V256h63v-54.64c0-62.15 37-96.48 93.67-96.48 27.14 0 55.52 4.84 55.52 4.84v61h-31.27c-30.81 0-40.42 19.12-40.42 38.73V256h68.78l-11 71.69h-57.78V480H400a48 48 0 0 0 48-48V80a48 48 0 0 0-48-48z\"><\/path><\/svg>\t\t\t\t\t\t<\/span>\n\t\t\t\t\t\t\t\t\t\t<span class=\"elementor-icon-list-text\">facebook<\/span>\n\t\t\t\t\t\t\t\t\t\t\t<\/a>\n\t\t\t\t\t\t\t\t\t<\/li>\n\t\t\t\t\t\t\t\t<li class=\"elementor-icon-list-item elementor-inline-item\">\n\t\t\t\t\t\t\t\t\t\t\t<a href=\"https:\/\/www.youtube.com\/@SANATORIUMDeathmetal\/videos\">\n\n\t\t\t\t\t\t\t\t\t\t\t\t<span class=\"elementor-icon-list-icon\">\n\t\t\t\t\t\t\t<svg xmlns=\"http:\/\/www.w3.org\/2000\/svg\" width=\"300\" height=\"300\" viewBox=\"0 0 300 300\" class=\"lakit-font-icon-svg\" data-icon-name=\"b-youtube-play\" data-icon-type=\"LaStudioIcons\"><path d=\"M119.1 188.7l81-41.7-81-42.3v84zM150 44.4q28.2 0 54.3.9t38.4 1.5l12.3.6 2.7.3q2.7.3 3.9.6t3.9.6 4.8 1.5 4.8 2.1 5.1 3.3 4.8 4.5q1.2.9 2.7 3t4.8 9.9T297 90q1.2 10.8 2.1 22.8t.9 19.2v29.4q.3 24.3-3 48.6-1.2 9-4.2 16.5t-5.4 10.5l-2.4 2.7q-2.1 2.4-4.8 4.5t-5.1 3-4.8 2.1-4.8 1.5-3.9.6-3.9.6-2.7.3q-42 3.3-105 3.3-34.5-.6-60.3-1.2t-33.3-1.2l-8.4-.9-6-.6q-6-.9-9-1.5t-8.7-3.6-9.3-6.9q-1.2-.9-2.7-3t-4.8-9.9T3 210Q1.8 199.2.9 187.2T0 168v-29.4Q-.3 114.3 3 90q1.2-9.3 4.2-16.5T12.6 63l2.4-2.7q2.4-2.7 4.8-4.5t5.1-3.3 4.8-2.1 4.8-1.5 3.9-.6 3.9-.6 2.7-.3q42-3 105-3z\" fill=\"currentColor\"\/><\/svg>\t\t\t\t\t\t<\/span>\n\t\t\t\t\t\t\t\t\t\t<span class=\"elementor-icon-list-text\">youtube<\/span>\n\t\t\t\t\t\t\t\t\t\t\t<\/a>\n\t\t\t\t\t\t\t\t\t<\/li>\n\t\t\t\t\t\t\t\t<li class=\"elementor-icon-list-item elementor-inline-item\">\n\t\t\t\t\t\t\t\t\t\t\t<a href=\"https:\/\/open.spotify.com\/artist\/3xyo3CoJjc68Bj0nwtVvny?si=F4v6Ld_dRACVRLXbaC81lg\">\n\n\t\t\t\t\t\t\t\t\t\t\t\t<span class=\"elementor-icon-list-icon\">\n\t\t\t\t\t\t\t<svg xmlns=\"http:\/\/www.w3.org\/2000\/svg\" width=\"258\" height=\"300\" viewBox=\"0 0 258 300\" class=\"lakit-font-icon-svg\" data-icon-name=\"b-spotify-1\" data-icon-type=\"LaStudioIcons\"><path d=\"M188.7 202.5q0-5.4-5.1-8.4-32.1-19.2-74.7-19.2-22.2 0-48 5.7-7.2 1.5-7.2 8.7 0 3.3 2.4 5.7t6 2.4q.6 0 6-1.5 22.2-4.5 40.8-4.5 37.8 0 66.3 17.4 3.3 1.8 5.7 1.8 3 0 5.4-2.4t2.4-5.7zm16.2-36q0-6.6-6-10.2-39.6-23.7-91.8-23.7-25.5 0-50.7 7.2-8.1 2.1-8.1 10.8 0 4.2 3 6.9t7.2 3q1.2 0 6-1.2 20.7-5.7 42.3-5.7 46.5 0 81.6 20.7 3.9 2.4 6.3 2.4 4.2 0 7.2-3t3-7.2zm18-41.4q0-7.8-6.9-11.7-21-12.3-48.9-18.6t-57.3-6.3q-34.2 0-61.2 7.8-3.6 1.2-6.3 4.5t-2.7 8.1q0 5.1 3.6 8.7t8.4 3.3q2.1 0 6.9-1.2 22.2-6.3 51.3-6.3 26.7 0 51.9 5.7T204 135q3.6 2.1 6.9 2.1 4.8 0 8.4-3.3t3.6-8.7zm34.2 24.9q0 35.1-17.1 64.5t-46.8 46.8-64.5 17.4-64.8-17.4-46.5-46.8T0 150t17.4-64.5 46.5-46.8 64.8-17.4 64.5 17.4T240 85.5t17.1 64.5z\" fill=\"currentColor\"\/><\/svg>\t\t\t\t\t\t<\/span>\n\t\t\t\t\t\t\t\t\t\t<span class=\"elementor-icon-list-text\">spotify<\/span>\n\t\t\t\t\t\t\t\t\t\t\t<\/a>\n\t\t\t\t\t\t\t\t\t<\/li>\n\t\t\t\t\t\t\t\t<li class=\"elementor-icon-list-item elementor-inline-item\">\n\t\t\t\t\t\t\t\t\t\t\t<a href=\"https:\/\/www.instagram.com\/sanatoriumband\/\">\n\n\t\t\t\t\t\t\t\t\t\t\t\t<span class=\"elementor-icon-list-icon\">\n\t\t\t\t\t\t\t<svg aria-hidden=\"true\" class=\"e-font-icon-svg e-fab-instagram\" viewBox=\"0 0 448 512\" xmlns=\"http:\/\/www.w3.org\/2000\/svg\"><path d=\"M224.1 141c-63.6 0-114.9 51.3-114.9 114.9s51.3 114.9 114.9 114.9S339 319.5 339 255.9 287.7 141 224.1 141zm0 189.6c-41.1 0-74.7-33.5-74.7-74.7s33.5-74.7 74.7-74.7 74.7 33.5 74.7 74.7-33.6 74.7-74.7 74.7zm146.4-194.3c0 14.9-12 26.8-26.8 26.8-14.9 0-26.8-12-26.8-26.8s12-26.8 26.8-26.8 26.8 12 26.8 26.8zm76.1 27.2c-1.7-35.9-9.9-67.7-36.2-93.9-26.2-26.2-58-34.4-93.9-36.2-37-2.1-147.9-2.1-184.9 0-35.8 1.7-67.6 9.9-93.9 36.1s-34.4 58-36.2 93.9c-2.1 37-2.1 147.9 0 184.9 1.7 35.9 9.9 67.7 36.2 93.9s58 34.4 93.9 36.2c37 2.1 147.9 2.1 184.9 0 35.9-1.7 67.7-9.9 93.9-36.2 26.2-26.2 34.4-58 36.2-93.9 2.1-37 2.1-147.8 0-184.8zM398.8 388c-7.8 19.6-22.9 34.7-42.6 42.6-29.5 11.7-99.5 9-132.1 9s-102.7 2.6-132.1-9c-19.6-7.8-34.7-22.9-42.6-42.6-11.7-29.5-9-99.5-9-132.1s-2.6-102.7 9-132.1c7.8-19.6 22.9-34.7 42.6-42.6 29.5-11.7 99.5-9 132.1-9s102.7-2.6 132.1 9c19.6 7.8 34.7 22.9 42.6 42.6 11.7 29.5 9 99.5 9 132.1s2.7 102.7-9 132.1z\"><\/path><\/svg>\t\t\t\t\t\t<\/span>\n\t\t\t\t\t\t\t\t\t\t<span class=\"elementor-icon-list-text\">Instagram<\/span>\n\t\t\t\t\t\t\t\t\t\t\t<\/a>\n\t\t\t\t\t\t\t\t\t<\/li>\n\t\t\t\t\t\t\t\t<li class=\"elementor-icon-list-item elementor-inline-item\">\n\t\t\t\t\t\t\t\t\t\t\t<a href=\"https:\/\/twitter.com\/sanatoriumband\">\n\n\t\t\t\t\t\t\t\t\t\t\t\t<span class=\"elementor-icon-list-icon\">\n\t\t\t\t\t\t\t<svg aria-hidden=\"true\" class=\"e-font-icon-svg e-fab-twitter\" viewBox=\"0 0 512 512\" xmlns=\"http:\/\/www.w3.org\/2000\/svg\"><path d=\"M459.37 151.716c.325 4.548.325 9.097.325 13.645 0 138.72-105.583 298.558-298.558 298.558-59.452 0-114.68-17.219-161.137-47.106 8.447.974 16.568 1.299 25.34 1.299 49.055 0 94.213-16.568 130.274-44.832-46.132-.975-84.792-31.188-98.112-72.772 6.498.974 12.995 1.624 19.818 1.624 9.421 0 18.843-1.3 27.614-3.573-48.081-9.747-84.143-51.98-84.143-102.985v-1.299c13.969 7.797 30.214 12.67 47.431 13.319-28.264-18.843-46.781-51.005-46.781-87.391 0-19.492 5.197-37.36 14.294-52.954 51.655 63.675 129.3 105.258 216.365 109.807-1.624-7.797-2.599-15.918-2.599-24.04 0-57.828 46.782-104.934 104.934-104.934 30.213 0 57.502 12.67 76.67 33.137 23.715-4.548 46.456-13.32 66.599-25.34-7.798 24.366-24.366 44.833-46.132 57.827 21.117-2.273 41.584-8.122 60.426-16.243-14.292 20.791-32.161 39.308-52.628 54.253z\"><\/path><\/svg>\t\t\t\t\t\t<\/span>\n\t\t\t\t\t\t\t\t\t\t<span class=\"elementor-icon-list-text\">Twitter<\/span>\n\t\t\t\t\t\t\t\t\t\t\t<\/a>\n\t\t\t\t\t\t\t\t\t<\/li>\n\t\t\t\t\t\t<\/ul>\n\t\t\t\t<\/div>\n\t\t\t\t<\/div>\n\t\t\t\t<\/div>\n\t\t<div class=\"elementor-element elementor-element-c095853 e-flex e-con-boxed lakit-col-width-auto-no e-container e-root-container elementor-top-section e-con e-parent\" data-id=\"c095853\" data-element_type=\"container\">\n\t\t\t\t\t<div class=\"e-con-inner\">\n\t\t\t\t<div class=\"elementor-element elementor-element-fabd2f5 elementor-widget elementor-widget-text-editor\" data-id=\"fabd2f5\" data-element_type=\"widget\" data-widget_type=\"text-editor.default\">\n\t\t\t\t<div class=\"elementor-widget-container\">\n\t\t\t\t\t\t\t<p>Lorem ipsum dolor sit amet, consectetur adipiscing elit. Ut elit tellus, luctus nec ullamcorper mattis, pulvinar dapibus leo.<\/p>\t\t\t\t\t\t<\/div>\n\t\t\t\t<\/div>\n\t\t\t\t\t<\/div>\n\t\t\t\t<\/div>\n\t\t\t\t<\/div>\n\t\t","protected":false},"excerpt":{"rendered":"<p>SANATORIUM je eur\u00f3pska death metalov\u00e1 kapela. Za\u010dalo to u\u017e v roku 1994 a je to u\u017e viac ako 20 rokov \u0161\u00edrenia sickness a brutality. Sanatorium nahralo 3 dem\u00e1 (Subculture-1995, Autumn Shadows-1996, Necrologue-1998) a debutov\u00fd album &#8222;Arrival of the Forgotten ones&#8220; &#8211; 1999 v melodickej\u0161om death metale. Po t\u00fdch nahr\u00e1vkach Sanatorium drasticky&hellip;<\/p>\n","protected":false},"author":1,"featured_media":0,"parent":0,"menu_order":0,"comment_status":"closed","ping_status":"closed","template":"elementor_header_footer","meta":{"_monsterinsights_skip_tracking":false,"_monsterinsights_sitenote_active":false,"_monsterinsights_sitenote_note":"","_monsterinsights_sitenote_category":0,"footnotes":""},"aioseo_notices":[],"_links":{"self":[{"href":"https:\/\/www.sanatorium.sk\/sk\/wp-json\/wp\/v2\/pages\/4178"}],"collection":[{"href":"https:\/\/www.sanatorium.sk\/sk\/wp-json\/wp\/v2\/pages"}],"about":[{"href":"https:\/\/www.sanatorium.sk\/sk\/wp-json\/wp\/v2\/types\/page"}],"author":[{"embeddable":true,"href":"https:\/\/www.sanatorium.sk\/sk\/wp-json\/wp\/v2\/users\/1"}],"replies":[{"embeddable":true,"href":"https:\/\/www.sanatorium.sk\/sk\/wp-json\/wp\/v2\/comments?post=4178"}],"version-history":[{"count":6,"href":"https:\/\/www.sanatorium.sk\/sk\/wp-json\/wp\/v2\/pages\/4178\/revisions"}],"predecessor-version":[{"id":5137,"href":"https:\/\/www.sanatorium.sk\/sk\/wp-json\/wp\/v2\/pages\/4178\/revisions\/5137"}],"wp:attachment":[{"href":"https:\/\/www.sanatorium.sk\/sk\/wp-json\/wp\/v2\/media?parent=4178"}],"curies":[{"name":"wp","href":"https:\/\/api.w.org\/{rel}","templated":true}]}}