{"id":127,"date":"2023-02-21T08:55:45","date_gmt":"2023-02-21T08:55:45","guid":{"rendered":"https:\/\/yorn.la-studioweb.com\/?page_id=127"},"modified":"2026-04-24T15:40:35","modified_gmt":"2026-04-24T13:40:35","slug":"yorn-main-01","status":"publish","type":"page","link":"https:\/\/www.sanatorium.sk\/sk\/","title":{"rendered":"Home"},"content":{"rendered":"\t\t<div data-elementor-type=\"wp-page\" data-elementor-id=\"127\" class=\"elementor elementor-127\">\n\t\t\t\t<div class=\"elementor-element elementor-element-c48345c e-flex e-con-boxed lakit-col-width-auto-no e-container e-root-container elementor-top-section e-con e-parent\" data-id=\"c48345c\" data-element_type=\"container\" data-settings=\"{&quot;background_background&quot;:&quot;classic&quot;,&quot;background_motion_fx_motion_fx_scrolling&quot;:&quot;yes&quot;,&quot;background_motion_fx_translateY_effect&quot;:&quot;yes&quot;,&quot;background_motion_fx_translateY_speed&quot;:{&quot;unit&quot;:&quot;px&quot;,&quot;size&quot;:2,&quot;sizes&quot;:[]},&quot;background_motion_fx_range&quot;:&quot;viewport&quot;,&quot;background_motion_fx_motion_fx_mouse&quot;:&quot;yes&quot;,&quot;background_motion_fx_mouseTrack_effect&quot;:&quot;yes&quot;,&quot;background_motion_fx_mouseTrack_direction&quot;:&quot;negative&quot;,&quot;background_motion_fx_translateY_affectedRange&quot;:{&quot;unit&quot;:&quot;%&quot;,&quot;size&quot;:&quot;&quot;,&quot;sizes&quot;:{&quot;start&quot;:20,&quot;end&quot;:80}},&quot;background_motion_fx_mouseTrack_speed&quot;:{&quot;unit&quot;:&quot;px&quot;,&quot;size&quot;:1,&quot;sizes&quot;:[]},&quot;background_motion_fx_devices&quot;:[&quot;mobile&quot;,&quot;mobile_extra&quot;,&quot;tablet&quot;,&quot;laptop&quot;,&quot;desktop&quot;]}\">\n\t\t\t\t\t<div class=\"e-con-inner\">\n\t\t<div class=\"elementor-element elementor-element-a1982a5 e-con-full e-transform e-flex lakit-col-width-auto-no e-container e-con e-child\" data-id=\"a1982a5\" data-element_type=\"container\" data-settings=\"{&quot;_transform_scale_effect&quot;:{&quot;unit&quot;:&quot;px&quot;,&quot;size&quot;:&quot;&quot;,&quot;sizes&quot;:[]},&quot;_transform_scale_effect_laptop&quot;:{&quot;unit&quot;:&quot;px&quot;,&quot;size&quot;:&quot;&quot;,&quot;sizes&quot;:[]},&quot;_transform_scale_effect_tablet&quot;:{&quot;unit&quot;:&quot;px&quot;,&quot;size&quot;:&quot;&quot;,&quot;sizes&quot;:[]},&quot;_transform_scale_effect_mobile_extra&quot;:{&quot;unit&quot;:&quot;px&quot;,&quot;size&quot;:&quot;&quot;,&quot;sizes&quot;:[]},&quot;_transform_scale_effect_mobile&quot;:{&quot;unit&quot;:&quot;px&quot;,&quot;size&quot;:&quot;&quot;,&quot;sizes&quot;:[]}}\">\n\t\t\t\t<div class=\"elementor-element elementor-element-f448f1c elementor-widget elementor-widget-image\" data-id=\"f448f1c\" data-element_type=\"widget\" data-widget_type=\"image.default\">\n\t\t\t\t<div class=\"elementor-widget-container\">\n\t\t\t\t\t\t\t\t\t\t\t\t\t<img fetchpriority=\"high\" decoding=\"async\" width=\"2018\" height=\"883\" src=\"https:\/\/www.sanatorium.sk\/wp-content\/uploads\/2023\/11\/sanatorium-shdw.png\" class=\"attachment-large size-large wp-image-3670\" alt=\"\" srcset=\"https:\/\/www.sanatorium.sk\/wp-content\/uploads\/2023\/11\/sanatorium-shdw.png 2018w, https:\/\/www.sanatorium.sk\/wp-content\/uploads\/2023\/11\/sanatorium-shdw-1536x672.png 1536w\" sizes=\"(max-width: 2018px) 100vw, 2018px\" \/>\t\t\t\t\t\t\t\t\t\t\t\t\t<\/div>\n\t\t\t\t<\/div>\n\t\t\t\t<\/div>\n\t\t\t\t\t<\/div>\n\t\t\t\t<\/div>\n\t\t<div class=\"elementor-element elementor-element-861b35d e-flex e-con-boxed lakit-col-width-auto-no e-container e-root-container elementor-top-section e-con e-parent\" data-id=\"861b35d\" data-element_type=\"container\">\n\t\t\t\t\t<div class=\"e-con-inner\">\n\t\t\t\t<div class=\"elementor-element elementor-element-2df8388 elementor-widget elementor-widget-image\" data-id=\"2df8388\" data-element_type=\"widget\" data-widget_type=\"image.default\">\n\t\t\t\t<div class=\"elementor-widget-container\">\n\t\t\t\t\t\t\t\t\t\t\t\t\t\t<a href=\"https:\/\/www.facebook.com\/events\/stand-up-club\/death-metal-fischamend-vol12\/1276992224263970\/\">\n\t\t\t\t\t\t\t<img decoding=\"async\" width=\"1131\" height=\"1600\" src=\"https:\/\/www.sanatorium.sk\/wp-content\/uploads\/2026\/04\/Sanatorium-Deathmetal-Vol-12-Fischamend.jpg\" class=\"attachment-large size-large wp-image-5408\" alt=\"\" srcset=\"https:\/\/www.sanatorium.sk\/wp-content\/uploads\/2026\/04\/Sanatorium-Deathmetal-Vol-12-Fischamend.jpg 1131w, https:\/\/www.sanatorium.sk\/wp-content\/uploads\/2026\/04\/Sanatorium-Deathmetal-Vol-12-Fischamend-1086x1536.jpg 1086w, https:\/\/www.sanatorium.sk\/wp-content\/uploads\/2026\/04\/Sanatorium-Deathmetal-Vol-12-Fischamend-8x12.jpg 8w\" sizes=\"(max-width: 1131px) 100vw, 1131px\" \/>\t\t\t\t\t\t\t\t<\/a>\n\t\t\t\t\t\t\t\t\t\t\t\t\t<\/div>\n\t\t\t\t<\/div>\n\t\t\t\t<div class=\"elementor-element elementor-element-cabb241 elementor-widget elementor-widget-text-editor\" data-id=\"cabb241\" data-element_type=\"widget\" data-widget_type=\"text-editor.default\">\n\t\t\t\t<div class=\"elementor-widget-container\">\n\t\t\t\t\t\t\t<iframe data-testid=\"embed-iframe\" style=\"border-radius:12px\" src=\"https:\/\/open.spotify.com\/embed\/artist\/2Vb7OjfendhcxODUCh4nY7?utm_source=generator&#038;theme=0\" width=\"100%\" height=\"352\" frameBorder=\"0\" allowfullscreen=\"\" allow=\"autoplay; clipboard-write; encrypted-media; fullscreen; picture-in-picture\" loading=\"lazy\"><\/iframe>\t\t\t\t\t\t<\/div>\n\t\t\t\t<\/div>\n\t\t\t\t<div class=\"elementor-element elementor-element-1637c51 elementor-widget elementor-widget-video\" data-id=\"1637c51\" data-element_type=\"widget\" data-settings=\"{&quot;youtube_url&quot;:&quot;https:\\\/\\\/www.youtube.com\\\/watch?v=7Swigix8prs&quot;,&quot;autoplay&quot;:&quot;yes&quot;,&quot;play_on_mobile&quot;:&quot;yes&quot;,&quot;loop&quot;:&quot;yes&quot;,&quot;mute&quot;:&quot;yes&quot;,&quot;video_type&quot;:&quot;youtube&quot;,&quot;controls&quot;:&quot;yes&quot;}\" data-widget_type=\"video.default\">\n\t\t\t\t<div class=\"elementor-widget-container\">\n\t\t\t\t\t<div class=\"elementor-wrapper elementor-open-inline\">\n\t\t\t<div class=\"elementor-video\"><\/div>\t\t<\/div>\n\t\t\t\t<\/div>\n\t\t\t\t<\/div>\n\t\t\t\t\t<\/div>\n\t\t\t\t<\/div>\n\t\t<div class=\"elementor-element elementor-element-046b6ca e-con-full e-flex lakit-col-width-auto-no e-container e-root-container elementor-top-section e-con e-parent\" data-id=\"046b6ca\" data-element_type=\"container\">\n\t\t\t\t<div class=\"elementor-element elementor-element-f696767 lakit--title-outline bannerlist--preset-default elementor-widget lastudio-kit elementor-lakit-banner-list\" data-id=\"f696767\" data-element_type=\"widget\" data-widget_type=\"lakit-banner-list.default\">\n\t\t\t\t<div class=\"elementor-widget-container\">\n\t\t\t\n<div class=\"lakit-bannerlist layout-type-overlay preset-default\" data-item_selector=\".lakit-bannerlist__item\" >\n        <div class=\"lakit-bannerlist__list_wrapper\">\n        <div class=\"lakit-bannerlist__list col-row\">\n            <div class=\"elementor-repeater-item-fd62061 lakit-bannerlist__item col-desk-3 col-lap-3 col-tab-3 col-tabp-3\"><div class=\"lakit-bannerlist__inner\"><a href=\"https:\/\/www.sanatorium.sk\/shop\/\" class=\"lakit-bannerlist__link\"><div class=\"lakit-bannerlist__image\"><img loading=\"lazy\" decoding=\"async\" src=\"https:\/\/www.sanatorium.sk\/wp-content\/uploads\/2023\/11\/shop-thumb-2.jpg\" loading=\"lazy\" class=\"lakit-bannerlist__image-instance\" width=\"640\" height=\"440\" alt=\"\" style=\"--img-height:440px\"><\/div><div class=\"lakit-bannerlist__content\"><div class=\"lakit-bannerlist__content-inner\"><div class=\"lakit-bannerlist__subtitle\" data-title=\"Shop\">Shop<\/div><div class=\"lakit-bannerlist__title\" data-title=\"Merchandise\">Merchandise<\/div><div class=\"lakit-bannerlist__btn_wrap\"><span class=\"elementor-button lakit-bannerlist__btn\">Do obchodu<\/span><\/div><\/div><\/div><\/a><\/div><\/div><div class=\"elementor-repeater-item-2c6d7ec lakit-bannerlist__item col-desk-3 col-lap-3 col-tab-3 col-tabp-3\"><div class=\"lakit-bannerlist__inner\"><a href=\"https:\/\/www.sanatorium.sk\/sk\/band\/\" class=\"lakit-bannerlist__link\"><div class=\"lakit-bannerlist__image\"><img loading=\"lazy\" decoding=\"async\" src=\"https:\/\/www.sanatorium.sk\/wp-content\/uploads\/2023\/11\/disco-thumb-1.jpg\" loading=\"lazy\" class=\"lakit-bannerlist__image-instance\" width=\"640\" height=\"440\" alt=\"\" style=\"--img-height:440px\"><\/div><div class=\"lakit-bannerlist__content\"><div class=\"lakit-bannerlist__content-inner\"><div class=\"lakit-bannerlist__subtitle\" data-title=\"Kapela\">Kapela<\/div><div class=\"lakit-bannerlist__title\" data-title=\"Diskografia\">Diskografia<\/div><div class=\"lakit-bannerlist__btn_wrap\"><span class=\"elementor-button lakit-bannerlist__btn\">diskografia<\/span><\/div><\/div><\/div><\/a><\/div><\/div><div class=\"elementor-repeater-item-44d32ce lakit-bannerlist__item col-desk-3 col-lap-3 col-tab-3 col-tabp-3\"><div class=\"lakit-bannerlist__inner\"><a href=\"https:\/\/www.sanatorium.sk\/koncerty\/\" class=\"lakit-bannerlist__link\"><div class=\"lakit-bannerlist__image\"><img loading=\"lazy\" decoding=\"async\" src=\"https:\/\/www.sanatorium.sk\/wp-content\/uploads\/2023\/11\/kontakt-thumb-1.jpg\" loading=\"lazy\" class=\"lakit-bannerlist__image-instance\" width=\"640\" height=\"440\" alt=\"\" style=\"--img-height:440px\"><\/div><div class=\"lakit-bannerlist__content\"><div class=\"lakit-bannerlist__content-inner\"><div class=\"lakit-bannerlist__subtitle\" data-title=\"Tour\">Tour<\/div><div class=\"lakit-bannerlist__title\" data-title=\"Koncerty\">Koncerty<\/div><div class=\"lakit-bannerlist__btn_wrap\"><span class=\"elementor-button lakit-bannerlist__btn\">Viac info<\/span><\/div><\/div><\/div><\/a><\/div><\/div>        <\/div>\n    <\/div>\n    <\/div>\t\t<\/div>\n\t\t\t\t<\/div>\n\t\t\t\t<\/div>\n\t\t<div class=\"elementor-element elementor-element-20d99f5 e-flex e-con-boxed lakit-col-width-auto-no e-container e-root-container elementor-top-section e-con e-parent\" data-id=\"20d99f5\" data-element_type=\"container\">\n\t\t\t\t\t<div class=\"e-con-inner\">\n\t\t\t\t<div class=\"elementor-element elementor-element-3b6d29e elementor-widget-mobile__width-initial elementor-widget elementor-widget-heading\" data-id=\"3b6d29e\" data-element_type=\"widget\" data-widget_type=\"heading.default\">\n\t\t\t\t<div class=\"elementor-widget-container\">\n\t\t\t<h2 class=\"elementor-heading-title elementor-size-default\"><a href=\"https:\/\/www.sanatorium.sk\/shop\/\">merchandise sanatorium<\/a><\/h2>\t\t<\/div>\n\t\t\t\t<\/div>\n\t\t\t\t<div class=\"elementor-element elementor-element-5ab417a elementor-widget elementor-widget-text-editor\" data-id=\"5ab417a\" data-element_type=\"widget\" data-widget_type=\"text-editor.default\">\n\t\t\t\t<div class=\"elementor-widget-container\">\n\t\t\t\t\t\t\t<p style=\"text-align: center;\">Sp\u00fa\u0161\u0165ame predaj v na\u0161om Sanatorium shope. Vyberte si z tri\u010diek, \u010diapiek, \u0161iltoviek \u010di CD. Doru\u010dujeme do cel\u00e9ho sveta. Pon\u00fakame platbu v\u0161etk\u00fdmi zn\u00e1mymi kreditn\u00fdmi kartami, PayPal a viac ako 1000 kryptomenami. Cena doru\u010denia z\u00e1vis\u00ed od krajiny doru\u010denia a\u00a0 hmotnosti objedn\u00e1vky. Prepo\u010d\u00edta\u0165 dovozn\u00e9 si m\u00f4\u017eete v ko\u0161\u00edku.<\/p>\t\t\t\t\t\t<\/div>\n\t\t\t\t<\/div>\n\t\t\t\t\t<\/div>\n\t\t\t\t<\/div>\n\t\t<div class=\"elementor-element elementor-element-044ecd6 e-con-full e-flex lakit-col-width-auto-no e-container e-root-container elementor-top-section e-con e-parent\" data-id=\"044ecd6\" data-element_type=\"container\">\n\t\t\t\t<div class=\"elementor-element elementor-element-a060744 elementor-widget-mobile__width-inherit actionzone-a-pos-center-center actionzone-b-pos-top-right actionzone-c-pos-bottom-center elementor-widget lastudio-kit elementor-lakit-wooproducts\" data-id=\"a060744\" data-element_type=\"widget\" data-widget_type=\"lakit-wooproducts.default\">\n\t\t\t\t<div class=\"elementor-widget-container\">\n\t\t\t<div data-lakit_ajax_loadwidget=\"true\" data-widget-id=\"a060744\" data-pagedkey=\"product-page-a060744_0\"><span class=\"lakit-css-loader\"><\/span><\/div>\t\t<\/div>\n\t\t\t\t<\/div>\n\t\t\t\t<div class=\"elementor-element elementor-element-7eeb128 elementor-align-center elementor-widget elementor-widget-button\" data-id=\"7eeb128\" data-element_type=\"widget\" data-widget_type=\"button.default\">\n\t\t\t\t<div class=\"elementor-widget-container\">\n\t\t\t\t\t<div class=\"elementor-button-wrapper\">\n\t\t\t<a class=\"elementor-button elementor-button-link elementor-size-lg\" href=\"https:\/\/www.sanatorium.sk\/shop\/\">\n\t\t\t\t\t\t<span class=\"elementor-button-content-wrapper\">\n\t\t\t\t\t\t\t\t\t<span class=\"elementor-button-text\">Prejs\u0165 do Sanatorium Shop<\/span>\n\t\t\t\t\t<\/span>\n\t\t\t\t\t<\/a>\n\t\t<\/div>\n\t\t\t\t<\/div>\n\t\t\t\t<\/div>\n\t\t\t\t<\/div>\n\t\t<div class=\"elementor-element elementor-element-77fff09 e-flex e-con-boxed lakit-col-width-auto-no e-container e-root-container elementor-top-section e-con e-parent\" data-id=\"77fff09\" data-element_type=\"container\">\n\t\t\t\t\t<div class=\"e-con-inner\">\n\t\t\t\t<div class=\"elementor-element elementor-element-4ff8bf2 elementor-widget elementor-widget-heading\" data-id=\"4ff8bf2\" data-element_type=\"widget\" data-widget_type=\"heading.default\">\n\t\t\t\t<div class=\"elementor-widget-container\">\n\t\t\t<h2 class=\"elementor-heading-title elementor-size-default\">Sanatorium band<\/h2>\t\t<\/div>\n\t\t\t\t<\/div>\n\t\t\t\t<div class=\"elementor-element elementor-element-0aa2a37 elementor-widget-laptop__width-initial elementor-widget elementor-widget-text-editor\" data-id=\"0aa2a37\" data-element_type=\"widget\" data-widget_type=\"text-editor.default\">\n\t\t\t\t<div class=\"elementor-widget-container\">\n\t\t\t\t\t\t\t<p style=\"text-align: center;\"><strong>SANATORIUM<\/strong> je eur\u00f3pska <strong>death metalov\u00e1 kapela<\/strong>. Za\u010dalo to u\u017e v roku <strong>1994<\/strong> a je to u\u017e viac ako 20 rokov \u0161\u00edrenia sickness a brutality. Sanatorium nahralo 3 dem\u00e1 (<strong>Subculture-1995<\/strong>, <strong>Autumn Shadows-1996<\/strong>, <strong>Necrologue-1998<\/strong>) a debutov\u00fd album &#8222;<strong>Arrival of the Forgotten ones<\/strong>&#8220; &#8211; 1999 v melodickej\u0161om death metale. Po t\u00fdch nahr\u00e1vkach Sanatorium drasticky zmenilo zostavu a aj hudbu&#8230; <strong>brut\u00e1lnej\u0161ie, viac gore, viac sick!!!<\/strong><\/p>\t\t\t\t\t\t<\/div>\n\t\t\t\t<\/div>\n\t\t\t\t<div class=\"elementor-element elementor-element-09c4d77 elementor-align-center elementor-mobile-align-center elementor-widget elementor-widget-button\" data-id=\"09c4d77\" data-element_type=\"widget\" data-widget_type=\"button.default\">\n\t\t\t\t<div class=\"elementor-widget-container\">\n\t\t\t\t\t<div class=\"elementor-button-wrapper\">\n\t\t\t<a class=\"elementor-button elementor-button-link elementor-size-lg\" href=\"https:\/\/www.sanatorium.sk\/sk\/band\/\">\n\t\t\t\t\t\t<span class=\"elementor-button-content-wrapper\">\n\t\t\t\t\t\t\t\t\t<span class=\"elementor-button-text\">The Band<\/span>\n\t\t\t\t\t<\/span>\n\t\t\t\t\t<\/a>\n\t\t<\/div>\n\t\t\t\t<\/div>\n\t\t\t\t<\/div>\n\t\t\t\t\t<\/div>\n\t\t\t\t<\/div>\n\t\t<div class=\"elementor-element elementor-element-e0b957f e-con-full e-flex lakit-col-width-auto-no e-container e-root-container elementor-top-section e-con e-parent\" data-id=\"e0b957f\" data-element_type=\"container\" data-settings=\"{&quot;background_background&quot;:&quot;classic&quot;}\">\n\t\t\t\t<div class=\"elementor-element elementor-element-e33e32f elementor-icon-list--layout-inline elementor-align-center elementor-list-item-link-full_width elementor-widget elementor-widget-icon-list\" data-id=\"e33e32f\" data-element_type=\"widget\" data-widget_type=\"icon-list.default\">\n\t\t\t\t<div class=\"elementor-widget-container\">\n\t\t\t\t\t<ul class=\"elementor-icon-list-items elementor-inline-items\">\n\t\t\t\t\t\t\t<li class=\"elementor-icon-list-item elementor-inline-item\">\n\t\t\t\t\t\t\t\t\t\t\t<a href=\"https:\/\/www.facebook.com\/SANATORIUMbrutal\">\n\n\t\t\t\t\t\t\t\t\t\t\t\t<span class=\"elementor-icon-list-icon\">\n\t\t\t\t\t\t\t<svg aria-hidden=\"true\" class=\"e-font-icon-svg e-fab-facebook-square\" viewBox=\"0 0 448 512\" xmlns=\"http:\/\/www.w3.org\/2000\/svg\"><path d=\"M400 32H48A48 48 0 0 0 0 80v352a48 48 0 0 0 48 48h137.25V327.69h-63V256h63v-54.64c0-62.15 37-96.48 93.67-96.48 27.14 0 55.52 4.84 55.52 4.84v61h-31.27c-30.81 0-40.42 19.12-40.42 38.73V256h68.78l-11 71.69h-57.78V480H400a48 48 0 0 0 48-48V80a48 48 0 0 0-48-48z\"><\/path><\/svg>\t\t\t\t\t\t<\/span>\n\t\t\t\t\t\t\t\t\t\t<span class=\"elementor-icon-list-text\">facebook<\/span>\n\t\t\t\t\t\t\t\t\t\t\t<\/a>\n\t\t\t\t\t\t\t\t\t<\/li>\n\t\t\t\t\t\t\t\t<li class=\"elementor-icon-list-item elementor-inline-item\">\n\t\t\t\t\t\t\t\t\t\t\t<a href=\"https:\/\/www.youtube.com\/@SANATORIUMDeathmetal\/videos\">\n\n\t\t\t\t\t\t\t\t\t\t\t\t<span class=\"elementor-icon-list-icon\">\n\t\t\t\t\t\t\t<svg xmlns=\"http:\/\/www.w3.org\/2000\/svg\" width=\"300\" height=\"300\" viewBox=\"0 0 300 300\" class=\"lakit-font-icon-svg\" data-icon-name=\"b-youtube-play\" data-icon-type=\"LaStudioIcons\"><path d=\"M119.1 188.7l81-41.7-81-42.3v84zM150 44.4q28.2 0 54.3.9t38.4 1.5l12.3.6 2.7.3q2.7.3 3.9.6t3.9.6 4.8 1.5 4.8 2.1 5.1 3.3 4.8 4.5q1.2.9 2.7 3t4.8 9.9T297 90q1.2 10.8 2.1 22.8t.9 19.2v29.4q.3 24.3-3 48.6-1.2 9-4.2 16.5t-5.4 10.5l-2.4 2.7q-2.1 2.4-4.8 4.5t-5.1 3-4.8 2.1-4.8 1.5-3.9.6-3.9.6-2.7.3q-42 3.3-105 3.3-34.5-.6-60.3-1.2t-33.3-1.2l-8.4-.9-6-.6q-6-.9-9-1.5t-8.7-3.6-9.3-6.9q-1.2-.9-2.7-3t-4.8-9.9T3 210Q1.8 199.2.9 187.2T0 168v-29.4Q-.3 114.3 3 90q1.2-9.3 4.2-16.5T12.6 63l2.4-2.7q2.4-2.7 4.8-4.5t5.1-3.3 4.8-2.1 4.8-1.5 3.9-.6 3.9-.6 2.7-.3q42-3 105-3z\" fill=\"currentColor\"\/><\/svg>\t\t\t\t\t\t<\/span>\n\t\t\t\t\t\t\t\t\t\t<span class=\"elementor-icon-list-text\">youtube<\/span>\n\t\t\t\t\t\t\t\t\t\t\t<\/a>\n\t\t\t\t\t\t\t\t\t<\/li>\n\t\t\t\t\t\t\t\t<li class=\"elementor-icon-list-item elementor-inline-item\">\n\t\t\t\t\t\t\t\t\t\t\t<a href=\"https:\/\/open.spotify.com\/artist\/3xyo3CoJjc68Bj0nwtVvny?si=F4v6Ld_dRACVRLXbaC81lg\">\n\n\t\t\t\t\t\t\t\t\t\t\t\t<span class=\"elementor-icon-list-icon\">\n\t\t\t\t\t\t\t<svg xmlns=\"http:\/\/www.w3.org\/2000\/svg\" width=\"258\" height=\"300\" viewBox=\"0 0 258 300\" class=\"lakit-font-icon-svg\" data-icon-name=\"b-spotify-1\" data-icon-type=\"LaStudioIcons\"><path d=\"M188.7 202.5q0-5.4-5.1-8.4-32.1-19.2-74.7-19.2-22.2 0-48 5.7-7.2 1.5-7.2 8.7 0 3.3 2.4 5.7t6 2.4q.6 0 6-1.5 22.2-4.5 40.8-4.5 37.8 0 66.3 17.4 3.3 1.8 5.7 1.8 3 0 5.4-2.4t2.4-5.7zm16.2-36q0-6.6-6-10.2-39.6-23.7-91.8-23.7-25.5 0-50.7 7.2-8.1 2.1-8.1 10.8 0 4.2 3 6.9t7.2 3q1.2 0 6-1.2 20.7-5.7 42.3-5.7 46.5 0 81.6 20.7 3.9 2.4 6.3 2.4 4.2 0 7.2-3t3-7.2zm18-41.4q0-7.8-6.9-11.7-21-12.3-48.9-18.6t-57.3-6.3q-34.2 0-61.2 7.8-3.6 1.2-6.3 4.5t-2.7 8.1q0 5.1 3.6 8.7t8.4 3.3q2.1 0 6.9-1.2 22.2-6.3 51.3-6.3 26.7 0 51.9 5.7T204 135q3.6 2.1 6.9 2.1 4.8 0 8.4-3.3t3.6-8.7zm34.2 24.9q0 35.1-17.1 64.5t-46.8 46.8-64.5 17.4-64.8-17.4-46.5-46.8T0 150t17.4-64.5 46.5-46.8 64.8-17.4 64.5 17.4T240 85.5t17.1 64.5z\" fill=\"currentColor\"\/><\/svg>\t\t\t\t\t\t<\/span>\n\t\t\t\t\t\t\t\t\t\t<span class=\"elementor-icon-list-text\">spotify<\/span>\n\t\t\t\t\t\t\t\t\t\t\t<\/a>\n\t\t\t\t\t\t\t\t\t<\/li>\n\t\t\t\t\t\t\t\t<li class=\"elementor-icon-list-item elementor-inline-item\">\n\t\t\t\t\t\t\t\t\t\t\t<a href=\"https:\/\/www.instagram.com\/sanatoriumband\/\">\n\n\t\t\t\t\t\t\t\t\t\t\t\t<span class=\"elementor-icon-list-icon\">\n\t\t\t\t\t\t\t<svg aria-hidden=\"true\" class=\"e-font-icon-svg e-fab-instagram\" viewBox=\"0 0 448 512\" xmlns=\"http:\/\/www.w3.org\/2000\/svg\"><path d=\"M224.1 141c-63.6 0-114.9 51.3-114.9 114.9s51.3 114.9 114.9 114.9S339 319.5 339 255.9 287.7 141 224.1 141zm0 189.6c-41.1 0-74.7-33.5-74.7-74.7s33.5-74.7 74.7-74.7 74.7 33.5 74.7 74.7-33.6 74.7-74.7 74.7zm146.4-194.3c0 14.9-12 26.8-26.8 26.8-14.9 0-26.8-12-26.8-26.8s12-26.8 26.8-26.8 26.8 12 26.8 26.8zm76.1 27.2c-1.7-35.9-9.9-67.7-36.2-93.9-26.2-26.2-58-34.4-93.9-36.2-37-2.1-147.9-2.1-184.9 0-35.8 1.7-67.6 9.9-93.9 36.1s-34.4 58-36.2 93.9c-2.1 37-2.1 147.9 0 184.9 1.7 35.9 9.9 67.7 36.2 93.9s58 34.4 93.9 36.2c37 2.1 147.9 2.1 184.9 0 35.9-1.7 67.7-9.9 93.9-36.2 26.2-26.2 34.4-58 36.2-93.9 2.1-37 2.1-147.8 0-184.8zM398.8 388c-7.8 19.6-22.9 34.7-42.6 42.6-29.5 11.7-99.5 9-132.1 9s-102.7 2.6-132.1-9c-19.6-7.8-34.7-22.9-42.6-42.6-11.7-29.5-9-99.5-9-132.1s-2.6-102.7 9-132.1c7.8-19.6 22.9-34.7 42.6-42.6 29.5-11.7 99.5-9 132.1-9s102.7-2.6 132.1 9c19.6 7.8 34.7 22.9 42.6 42.6 11.7 29.5 9 99.5 9 132.1s2.7 102.7-9 132.1z\"><\/path><\/svg>\t\t\t\t\t\t<\/span>\n\t\t\t\t\t\t\t\t\t\t<span class=\"elementor-icon-list-text\">Instagram<\/span>\n\t\t\t\t\t\t\t\t\t\t\t<\/a>\n\t\t\t\t\t\t\t\t\t<\/li>\n\t\t\t\t\t\t\t\t<li class=\"elementor-icon-list-item elementor-inline-item\">\n\t\t\t\t\t\t\t\t\t\t\t<a href=\"https:\/\/twitter.com\/sanatoriumband\">\n\n\t\t\t\t\t\t\t\t\t\t\t\t<span class=\"elementor-icon-list-icon\">\n\t\t\t\t\t\t\t<svg aria-hidden=\"true\" class=\"e-font-icon-svg e-fab-twitter\" viewBox=\"0 0 512 512\" xmlns=\"http:\/\/www.w3.org\/2000\/svg\"><path d=\"M459.37 151.716c.325 4.548.325 9.097.325 13.645 0 138.72-105.583 298.558-298.558 298.558-59.452 0-114.68-17.219-161.137-47.106 8.447.974 16.568 1.299 25.34 1.299 49.055 0 94.213-16.568 130.274-44.832-46.132-.975-84.792-31.188-98.112-72.772 6.498.974 12.995 1.624 19.818 1.624 9.421 0 18.843-1.3 27.614-3.573-48.081-9.747-84.143-51.98-84.143-102.985v-1.299c13.969 7.797 30.214 12.67 47.431 13.319-28.264-18.843-46.781-51.005-46.781-87.391 0-19.492 5.197-37.36 14.294-52.954 51.655 63.675 129.3 105.258 216.365 109.807-1.624-7.797-2.599-15.918-2.599-24.04 0-57.828 46.782-104.934 104.934-104.934 30.213 0 57.502 12.67 76.67 33.137 23.715-4.548 46.456-13.32 66.599-25.34-7.798 24.366-24.366 44.833-46.132 57.827 21.117-2.273 41.584-8.122 60.426-16.243-14.292 20.791-32.161 39.308-52.628 54.253z\"><\/path><\/svg>\t\t\t\t\t\t<\/span>\n\t\t\t\t\t\t\t\t\t\t<span class=\"elementor-icon-list-text\">Twitter<\/span>\n\t\t\t\t\t\t\t\t\t\t\t<\/a>\n\t\t\t\t\t\t\t\t\t<\/li>\n\t\t\t\t\t\t<\/ul>\n\t\t\t\t<\/div>\n\t\t\t\t<\/div>\n\t\t\t\t<\/div>\n\t\t\t\t<\/div>\n\t\t","protected":false},"excerpt":{"rendered":"<p>https:\/\/www.youtube.com\/watch?v=7Swigix8prs ShopMerchandiseDo obchoduKapelaDiskografiadiskografiaTourKoncertyViac info merchandise sanatorium Sp\u00fa\u0161\u0165ame predaj v na\u0161om Sanatorium shope. Vyberte si z tri\u010diek, \u010diapiek, \u0161iltoviek \u010di CD. Doru\u010dujeme do cel\u00e9ho sveta. Pon\u00fakame platbu v\u0161etk\u00fdmi zn\u00e1mymi kreditn\u00fdmi kartami, PayPal a viac ako 1000 kryptomenami. Cena doru\u010denia z\u00e1vis\u00ed od krajiny doru\u010denia a\u00a0 hmotnosti objedn\u00e1vky. Prepo\u010d\u00edta\u0165 dovozn\u00e9 si m\u00f4\u017eete v ko\u0161\u00edku.&hellip;<\/p>\n","protected":false},"author":1,"featured_media":5076,"parent":0,"menu_order":0,"comment_status":"closed","ping_status":"closed","template":"","meta":{"_monsterinsights_skip_tracking":false,"_monsterinsights_sitenote_active":false,"_monsterinsights_sitenote_note":"","_monsterinsights_sitenote_category":0,"footnotes":""},"aioseo_notices":[],"_links":{"self":[{"href":"https:\/\/www.sanatorium.sk\/sk\/wp-json\/wp\/v2\/pages\/127"}],"collection":[{"href":"https:\/\/www.sanatorium.sk\/sk\/wp-json\/wp\/v2\/pages"}],"about":[{"href":"https:\/\/www.sanatorium.sk\/sk\/wp-json\/wp\/v2\/types\/page"}],"author":[{"embeddable":true,"href":"https:\/\/www.sanatorium.sk\/sk\/wp-json\/wp\/v2\/users\/1"}],"replies":[{"embeddable":true,"href":"https:\/\/www.sanatorium.sk\/sk\/wp-json\/wp\/v2\/comments?post=127"}],"version-history":[{"count":6,"href":"https:\/\/www.sanatorium.sk\/sk\/wp-json\/wp\/v2\/pages\/127\/revisions"}],"predecessor-version":[{"id":5417,"href":"https:\/\/www.sanatorium.sk\/sk\/wp-json\/wp\/v2\/pages\/127\/revisions\/5417"}],"wp:featuredmedia":[{"embeddable":true,"href":"https:\/\/www.sanatorium.sk\/sk\/wp-json\/wp\/v2\/media\/5076"}],"wp:attachment":[{"href":"https:\/\/www.sanatorium.sk\/sk\/wp-json\/wp\/v2\/media?parent=127"}],"curies":[{"name":"wp","href":"https:\/\/api.w.org\/{rel}","templated":true}]}}