{"id":5297,"date":"2025-02-09T13:56:39","date_gmt":"2025-02-09T12:56:39","guid":{"rendered":"https:\/\/www.sanatorium.sk\/?post_type=product&#038;p=5297"},"modified":"2025-06-21T14:53:51","modified_gmt":"2025-06-21T12:53:51","slug":"tricko-ukaz-co-si-2025-special-edition","status":"publish","type":"product","link":"https:\/\/www.sanatorium.sk\/en\/shop\/tricko-ukaz-co-si-2025-special-edition\/","title":{"rendered":"Tri\u010dko Uk\u00e1\u017e \u010do si za&#8230; 2025 Special Edition"},"content":{"rendered":"","protected":false},"excerpt":{"rendered":"","protected":false},"featured_media":5298,"template":"","meta":{"_monsterinsights_skip_tracking":false,"_monsterinsights_sitenote_active":false,"_monsterinsights_sitenote_note":"","_monsterinsights_sitenote_category":0},"product_cat":[18,83],"product_tag":[],"aioseo_notices":[],"_links":{"self":[{"href":"https:\/\/www.sanatorium.sk\/en\/wp-json\/wp\/v2\/product\/5297"}],"collection":[{"href":"https:\/\/www.sanatorium.sk\/en\/wp-json\/wp\/v2\/product"}],"about":[{"href":"https:\/\/www.sanatorium.sk\/en\/wp-json\/wp\/v2\/types\/product"}],"wp:featuredmedia":[{"embeddable":true,"href":"https:\/\/www.sanatorium.sk\/en\/wp-json\/wp\/v2\/media\/5298"}],"wp:attachment":[{"href":"https:\/\/www.sanatorium.sk\/en\/wp-json\/wp\/v2\/media?parent=5297"}],"wp:term":[{"taxonomy":"product_cat","embeddable":true,"href":"https:\/\/www.sanatorium.sk\/en\/wp-json\/wp\/v2\/product_cat?post=5297"},{"taxonomy":"product_tag","embeddable":true,"href":"https:\/\/www.sanatorium.sk\/en\/wp-json\/wp\/v2\/product_tag?post=5297"}],"curies":[{"name":"wp","href":"https:\/\/api.w.org\/{rel}","templated":true}]}}